{"id":659,"date":"2024-07-20T01:16:30","date_gmt":"2024-07-20T01:16:30","guid":{"rendered":"https:\/\/moramoradiseno.com\/?page_id=659"},"modified":"2025-07-23T19:39:29","modified_gmt":"2025-07-23T19:39:29","slug":"mm-diseno-de-interiores","status":"publish","type":"page","link":"https:\/\/moramoradiseno.com\/?page_id=659","title":{"rendered":"Sobre nosotros"},"content":{"rendered":"\n<hr class=\"wp-block-separator has-css-opacity is-style-wide\"\/>\n\n\n\n<div class=\"wp-block-group\"><div class=\"wp-block-group__inner-container is-layout-flow wp-block-group-is-layout-flow\">\n<div class=\"wp-block-group\"><div class=\"wp-block-group__inner-container is-layout-flow wp-block-group-is-layout-flow\">\n<div class=\"wp-block-getwid-section\"><div class=\"wp-block-getwid-section__wrapper\" style=\"padding-top:50px;padding-left:0px\"><div class=\"wp-block-getwid-section__inner-wrapper\"><div class=\"wp-block-getwid-section__background-holder\"><div class=\"wp-block-getwid-section__background has-background has-white-background-color\"><\/div><div class=\"wp-block-getwid-section__foreground\"><\/div><\/div><div class=\"wp-block-getwid-section__content\"><div class=\"wp-block-getwid-section__inner-content\">\n<div class=\"wp-block-group\"><div class=\"wp-block-group__inner-container is-layout-flow wp-block-group-is-layout-flow\">\n<hr class=\"wp-block-separator has-css-opacity is-style-default\"\/>\n\n\n\n<div class=\"wp-block-columns is-layout-flex wp-container-core-columns-is-layout-9d6595d7 wp-block-columns-is-layout-flex\">\n<div class=\"wp-block-column is-layout-flow wp-block-column-is-layout-flow\" style=\"flex-basis:33.33%\"><div class=\"wp-block-image\">\n<figure class=\"aligncenter size-large has-custom-border\"><img loading=\"lazy\" decoding=\"async\" width=\"725\" height=\"1024\" src=\"https:\/\/moramoradiseno.com\/wp-content\/uploads\/2020\/11\/AME-1-1-725x1024.jpeg\" alt=\"\" class=\"wp-image-481\" style=\"border-style:none;border-width:0px\" srcset=\"https:\/\/moramoradiseno.com\/wp-content\/uploads\/2020\/11\/AME-1-1-725x1024.jpeg 725w, https:\/\/moramoradiseno.com\/wp-content\/uploads\/2020\/11\/AME-1-1-212x300.jpeg 212w, https:\/\/moramoradiseno.com\/wp-content\/uploads\/2020\/11\/AME-1-1.jpeg 750w\" sizes=\"auto, (max-width: 725px) 100vw, 725px\" \/><\/figure>\n<\/div><\/div>\n\n\n\n<div class=\"wp-block-column is-layout-flow wp-block-column-is-layout-flow\" style=\"flex-basis:66.66%\">\n<h3 class=\"wp-block-heading\" style=\"margin-right:var(--wp--preset--spacing--20);margin-left:var(--wp--preset--spacing--20)\"><strong>Andrea Mora<\/strong><\/h3>\n\n\n\n<p class=\"has-small-font-size\" style=\"margin-right:var(--wp--preset--spacing--20);margin-left:var(--wp--preset--spacing--20)\">Directora General<\/p>\n\n\n\n<p style=\"margin-right:var(--wp--preset--spacing--20);margin-left:var(--wp--preset--spacing--20)\">Lic. en Administraci\u00f3n y Finanzas por la Universidad Panamericana.<br>Diploma en Dise\u00f1o de Interiores por la Universidad Motolin\u00eda.<br>En 2008 debut\u00f3 su carrera en las finanzas colaborando con el grupo Thomson Reuters, donde logra con \u00e9xito el cierre de acuerdos y negocios con grandes personalidades del medio financiero internacional. En 2011 fue enviada por el mismo grupo a las oficinas de St. Louis MO, donde permaneci\u00f3 por dos a\u00f1os.<br>Apasionada del interiorismo y la arquitectura desde peque\u00f1a, Andrea ha visitado Nueva York, Dubai, Chicago, Par\u00eds, entre otras capitales de la vanguardia en este \u00e1mbito.<br>En 2009, inicia su trayectoria profesional en el mundo del dise\u00f1o de interiores como Co-Fundadora de MMDise\u00f1o.<br>Especialidad en Estrategias Comerciales en la Universidad Panamericana.<\/p>\n<\/div>\n<\/div>\n\n\n\n<hr class=\"wp-block-separator has-css-opacity is-style-default\"\/>\n\n\n\n<div class=\"wp-block-columns is-layout-flex wp-container-core-columns-is-layout-9d6595d7 wp-block-columns-is-layout-flex\">\n<div class=\"wp-block-column is-layout-flow wp-block-column-is-layout-flow\" style=\"flex-basis:33.33%\">\n<figure class=\"wp-block-image size-full has-custom-border\"><img loading=\"lazy\" decoding=\"async\" width=\"650\" height=\"1007\" src=\"https:\/\/moramoradiseno.com\/wp-content\/uploads\/2020\/11\/MME.jpg\" alt=\"\" class=\"has-border-color wp-image-484\" style=\"border-color:var(--global-palette9);border-width:15px;border-radius:0px\" srcset=\"https:\/\/moramoradiseno.com\/wp-content\/uploads\/2020\/11\/MME.jpg 650w, https:\/\/moramoradiseno.com\/wp-content\/uploads\/2020\/11\/MME-194x300.jpg 194w\" sizes=\"auto, (max-width: 650px) 100vw, 650px\" \/><\/figure>\n<\/div>\n\n\n\n<div class=\"wp-block-column is-layout-flow wp-block-column-is-layout-flow\" style=\"flex-basis:66.66%\">\n<h3 class=\"wp-block-heading\" style=\"margin-right:var(--wp--preset--spacing--20);margin-left:var(--wp--preset--spacing--20)\">Marcela Mora<\/h3>\n\n\n\n<p class=\"has-small-font-size\" style=\"margin-right:var(--wp--preset--spacing--20);margin-left:var(--wp--preset--spacing--20)\">Dise\u00f1adora de Interiores por la Universidad Motolin\u00eda del Pedregal.<\/p>\n\n\n\n<p style=\"margin-right:var(--wp--preset--spacing--20);margin-left:var(--wp--preset--spacing--20)\">Inici\u00f3 su carrera de interiorista en 2002, como coordinadora de proyectos especiales en Decoraciones Dupuis. Cre\u00f3 y ejecut\u00f3 proyectos de gran magnitud en Puerto Vallarta y en la Ciudad de M\u00e9xico en las zonas de Virreyes, Bosques de las Lomas y Santa Fe, por mencionar algunas.<br>Particip\u00f3 en la concepci\u00f3n y en el montaje de la exposici\u00f3n \u201cDupuis 40 a\u00f1os\u201d en el Museo Franz Mayer de la Ciudad de M\u00e9xico, en agosto de 2013.<br>Mujer emprendedora y apasionada por la creatividad en el dise\u00f1o de espacios, Marce Mora inicia en 2009 su trayectoria como independiente al convertirse en Co-Fundadora y Dise\u00f1adora de Interiores de MMDise\u00f1o.<\/p>\n<\/div>\n<\/div>\n\n\n\n<hr class=\"wp-block-separator has-css-opacity is-style-default\"\/>\n\n\n\n<div class=\"wp-block-columns is-layout-flex wp-container-core-columns-is-layout-9d6595d7 wp-block-columns-is-layout-flex\">\n<div class=\"wp-block-column is-layout-flow wp-block-column-is-layout-flow\" style=\"flex-basis:33.33%\"><div class=\"wp-block-image\">\n<figure class=\"aligncenter size-large has-custom-border\"><img loading=\"lazy\" decoding=\"async\" width=\"665\" height=\"1024\" src=\"https:\/\/moramoradiseno.com\/wp-content\/uploads\/2020\/11\/AMM-copia-665x1024.jpg\" alt=\"\" class=\"has-border-color has-theme-palette-9-border-color wp-image-480\" style=\"border-width:15px\" srcset=\"https:\/\/moramoradiseno.com\/wp-content\/uploads\/2020\/11\/AMM-copia-665x1024.jpg 665w, https:\/\/moramoradiseno.com\/wp-content\/uploads\/2020\/11\/AMM-copia-195x300.jpg 195w, https:\/\/moramoradiseno.com\/wp-content\/uploads\/2020\/11\/AMM-copia.jpg 667w\" sizes=\"auto, (max-width: 665px) 100vw, 665px\" \/><\/figure>\n<\/div><\/div>\n\n\n\n<div class=\"wp-block-column is-layout-flow wp-block-column-is-layout-flow\" style=\"flex-basis:66.66%\">\n<h2 class=\"wp-block-heading\" style=\"margin-right:var(--wp--preset--spacing--20);margin-left:var(--wp--preset--spacing--20)\">Agust\u00edn Mora<\/h2>\n\n\n\n<p class=\"has-small-font-size\" style=\"margin-right:var(--wp--preset--spacing--20);margin-left:var(--wp--preset--spacing--20)\">Director de Proyectos y Construcci\u00f3n<\/p>\n\n\n\n<p style=\"margin-right:var(--wp--preset--spacing--20);margin-left:var(--wp--preset--spacing--20)\">En el a\u00f1o 1981 es egresado de la Universidad Aut\u00f3noma Metropolitana Unidad Xochimilco, inmediatamente inicia su desarrollo profesional como fundador del despacho A. Mora &amp; Asociados Arquitectos, realizando proyectos y obras de tipo residencial en las zonas de Bosques de las Lomas, Jardines en la Monta\u00f1a, Pedregal de San \u00c1ngel y San Jer\u00f3nimo entre otras.<br>Su pasi\u00f3n por la arquitectura lo lleva r\u00e1pidamente a colaborar como Director de Proyectos en importantes despachos, algunos de ellos con gran presencia en los estados de Quintana Roo, Tabasco, Veracruz, Chiapas y Morelos.<br>En este periodo ejecuta proyectos y desarrollos para el sector de vivienda de inter\u00e9s medio y residencial, deportivo, comercial, restaurantero, corporativo y hotelero.<br>En este \u00faltimo realiz\u00f3 presentaciones de proyectos promocionales de gran embergadura para las cadenas Hyatt Internacional y Grupo Mel\u00eda en las ciudades de Chicago y Palma de Mallorca en USA y Espa\u00f1a respectivamente.<br>En el a\u00f1o 2015 es invitado a colaborar en la empresa MM Dise\u00f1o en donde actualmente desempe\u00f1a el cargo de Director de Proyectos y Construcci\u00f3n.<\/p>\n<\/div>\n<\/div>\n\n\n\n<hr class=\"wp-block-separator has-css-opacity is-style-default\"\/>\n\n\n\n<div class=\"wp-block-columns is-layout-flex wp-container-core-columns-is-layout-9d6595d7 wp-block-columns-is-layout-flex\">\n<div class=\"wp-block-column is-layout-flow wp-block-column-is-layout-flow\" style=\"flex-basis:33.33%\"><div class=\"wp-block-image\">\n<figure class=\"aligncenter size-large has-custom-border\"><img loading=\"lazy\" decoding=\"async\" width=\"594\" height=\"1024\" src=\"https:\/\/moramoradiseno.com\/wp-content\/uploads\/2020\/11\/MEG--594x1024.jpeg\" alt=\"\" class=\"has-border-color has-theme-palette-9-border-color wp-image-483\" style=\"border-width:15px\" srcset=\"https:\/\/moramoradiseno.com\/wp-content\/uploads\/2020\/11\/MEG--594x1024.jpeg 594w, https:\/\/moramoradiseno.com\/wp-content\/uploads\/2020\/11\/MEG--174x300.jpeg 174w, https:\/\/moramoradiseno.com\/wp-content\/uploads\/2020\/11\/MEG-.jpeg 671w\" sizes=\"auto, (max-width: 594px) 100vw, 594px\" \/><\/figure>\n<\/div><\/div>\n\n\n\n<div class=\"wp-block-column is-layout-flow wp-block-column-is-layout-flow\" style=\"flex-basis:66.66%\">\n<h2 class=\"wp-block-heading\" style=\"margin-right:var(--wp--preset--spacing--20);margin-left:var(--wp--preset--spacing--20)\">Marcela Elizondo<\/h2>\n\n\n\n<p class=\"has-small-font-size\" style=\"margin-right:var(--wp--preset--spacing--20);margin-left:var(--wp--preset--spacing--20)\">Recursos Humanos<\/p>\n\n\n\n<p style=\"margin-right:var(--wp--preset--spacing--20);margin-left:var(--wp--preset--spacing--20)\">Marcela obtiene su licenciatura en Administraci\u00f3n de Empresas como objetivo de superaci\u00f3n personal y en poco tiempo el inter\u00e9s y el amor a los estudios la llevan a cursar una maestr\u00eda en Orientaci\u00f3n Familiar. Su pasi\u00f3n en temas humanos la llevan r\u00e1pidamente a incursionar en el mundo acad\u00e9mico y es contratada por la Universidad Panamericana para impartir c\u00e1tedra en asignaturas diversas, tales como \u201cEtica para negocios\u201d, \u201cDesarrollo Humano y Empresa\u201c, \u00c9tica, Historia y Cultura\u201d, entre otras.<br>Al mismo tiempo, es invitada por la misma instituci\u00f3n a impartir un ciclo de conferencias con el tema \u201cImagen del \u00e9xito\u201d y a dar asesor\u00eda acad\u00e9mica por varios a\u00f1os.<br>Actualmente imparte conferencias para Empresas e Instituciones Educativas sobre temas Humanos y es terapeuta familiar.<br>Con su inter\u00e9s y el gusto por el Interiorismo, en el a\u00f1o 2015 es invitada por MM Dise\u00f1o a colaborar como Directora de Recursos Humanos.<\/p>\n<\/div>\n<\/div>\n<\/div><\/div>\n<\/div><\/div><\/div><\/div><\/div>\n<\/div><\/div>\n<\/div><\/div>\n\n\n\n<hr class=\"wp-block-separator has-alpha-channel-opacity\"\/>\n","protected":false},"excerpt":{"rendered":"<p>Bienvenidos<\/p>\n","protected":false},"author":1,"featured_media":0,"parent":0,"menu_order":0,"comment_status":"closed","ping_status":"closed","template":"","meta":{"_uag_custom_page_level_css":"","_monsterinsights_skip_tracking":false,"_monsterinsights_sitenote_active":false,"_monsterinsights_sitenote_note":"","_monsterinsights_sitenote_category":0,"_kad_post_transparent":"default","_kad_post_title":"default","_kad_post_layout":"default","_kad_post_sidebar_id":"","_kad_post_content_style":"default","_kad_post_vertical_padding":"default","_kad_post_feature":"","_kad_post_feature_position":"","_kad_post_header":false,"_kad_post_footer":false,"_kad_post_classname":"","_joinchat":[],"footnotes":""},"class_list":["post-659","page","type-page","status-publish","hentry"],"uagb_featured_image_src":{"full":false,"thumbnail":false,"medium":false,"medium_large":false,"large":false,"1536x1536":false,"2048x2048":false},"uagb_author_info":{"display_name":"DG","author_link":"https:\/\/moramoradiseno.com\/?author=1"},"uagb_comment_info":0,"uagb_excerpt":"Bienvenidos","_links":{"self":[{"href":"https:\/\/moramoradiseno.com\/index.php?rest_route=\/wp\/v2\/pages\/659","targetHints":{"allow":["GET"]}}],"collection":[{"href":"https:\/\/moramoradiseno.com\/index.php?rest_route=\/wp\/v2\/pages"}],"about":[{"href":"https:\/\/moramoradiseno.com\/index.php?rest_route=\/wp\/v2\/types\/page"}],"author":[{"embeddable":true,"href":"https:\/\/moramoradiseno.com\/index.php?rest_route=\/wp\/v2\/users\/1"}],"replies":[{"embeddable":true,"href":"https:\/\/moramoradiseno.com\/index.php?rest_route=%2Fwp%2Fv2%2Fcomments&post=659"}],"version-history":[{"count":52,"href":"https:\/\/moramoradiseno.com\/index.php?rest_route=\/wp\/v2\/pages\/659\/revisions"}],"predecessor-version":[{"id":1230,"href":"https:\/\/moramoradiseno.com\/index.php?rest_route=\/wp\/v2\/pages\/659\/revisions\/1230"}],"wp:attachment":[{"href":"https:\/\/moramoradiseno.com\/index.php?rest_route=%2Fwp%2Fv2%2Fmedia&parent=659"}],"curies":[{"name":"wp","href":"https:\/\/api.w.org\/{rel}","templated":true}]}}